{"id":12855,"date":"2025-04-22T17:52:06","date_gmt":"2025-04-22T15:52:06","guid":{"rendered":"https:\/\/dyloghitech.com\/?page_id=12855"},"modified":"2025-05-07T17:52:32","modified_gmt":"2025-05-07T15:52:32","slug":"vision-inspection","status":"publish","type":"page","link":"https:\/\/dyloghitech.com\/it\/vision-inspection\/","title":{"rendered":"Vision Inspection"},"content":{"rendered":"\t\t<div data-elementor-type=\"wp-page\" data-elementor-id=\"12855\" class=\"elementor elementor-12855\" data-elementor-post-type=\"page\">\n\t\t\t\t<div class=\"elementor-element elementor-element-d0e5617 e-con-full e-flex e-con e-parent\" data-id=\"d0e5617\" data-element_type=\"container\" data-e-type=\"container\">\n\t\t<div class=\"elementor-element elementor-element-12bfcd5 e-con-full e-flex e-con e-child\" data-id=\"12bfcd5\" data-element_type=\"container\" data-e-type=\"container\">\n\t\t\t\t<div class=\"elementor-element elementor-element-0058f86 elementor-widget elementor-widget-shortcode\" data-id=\"0058f86\" data-element_type=\"widget\" data-e-type=\"widget\" data-widget_type=\"shortcode.default\">\n\t\t\t\t<div class=\"elementor-widget-container\">\n\t\t\t\t\t\t\t<div class=\"elementor-shortcode\">\t\t<div data-elementor-type=\"wp-post\" data-elementor-id=\"12495\" class=\"elementor elementor-12495\" data-elementor-post-type=\"elementor-hf\">\n\t\t\t\t<div class=\"elementor-element elementor-element-77552ae e-con-full e-flex e-con e-parent\" data-id=\"77552ae\" data-element_type=\"container\" data-e-type=\"container\" data-settings=\"{&quot;background_background&quot;:&quot;classic&quot;}\">\n\t\t\t\t<div class=\"elementor-element elementor-element-0156656 elementor-widget elementor-widget-text-editor\" data-id=\"0156656\" data-element_type=\"widget\" data-e-type=\"widget\" data-widget_type=\"text-editor.default\">\n\t\t\t\t<div class=\"elementor-widget-container\">\n\t\t\t\t\t\t\t\t\t<p>Applicazioni \u2013 Vision Inspection &#8211;<\/p>\t\t\t\t\t\t\t\t<\/div>\n\t\t\t\t<\/div>\n\t\t\t\t<div class=\"elementor-element elementor-element-17b9664 elementor-widget elementor-widget-hfe-breadcrumbs-widget\" data-id=\"17b9664\" data-element_type=\"widget\" data-e-type=\"widget\" data-widget_type=\"hfe-breadcrumbs-widget.default\">\n\t\t\t\t<div class=\"elementor-widget-container\">\n\t\t\t\t\t<nav aria-label=\"Breadcrumb\"><ul class=\"hfe-breadcrumbs \"><\/ul><\/nav>\t\t\t\t<\/div>\n\t\t\t\t<\/div>\n\t\t\t\t<\/div>\n\t\t<div class=\"elementor-element elementor-element-953c6ac e-flex e-con-boxed e-con e-parent\" data-id=\"953c6ac\" data-element_type=\"container\" data-e-type=\"container\" data-settings=\"{&quot;background_background&quot;:&quot;classic&quot;}\">\n\t\t\t\t\t<div class=\"e-con-inner\">\n\t\t<div class=\"elementor-element elementor-element-3bf82db e-con-full e-flex e-con e-child\" data-id=\"3bf82db\" data-element_type=\"container\" data-e-type=\"container\">\n\t\t<div class=\"elementor-element elementor-element-4676b8a e-con-full e-flex e-con e-child\" data-id=\"4676b8a\" data-element_type=\"container\" data-e-type=\"container\" data-settings=\"{&quot;background_background&quot;:&quot;classic&quot;}\">\n\t\t\t\t<div class=\"elementor-element elementor-element-2357bc8 elementor-widget elementor-widget-image\" data-id=\"2357bc8\" data-element_type=\"widget\" data-e-type=\"widget\" data-widget_type=\"image.default\">\n\t\t\t\t<div class=\"elementor-widget-container\">\n\t\t\t\t\t\t\t\t\t\t\t\t\t\t\t<img decoding=\"async\" src=\"https:\/\/dyloghitech.com\/wp-content\/uploads\/elementor\/thumbs\/Vision-inspection-logo-riquadrato-01-qvqcxar1m32ia51rolxlo3op3zc5x2a0dle7u7shng.png\" title=\"Vision inspection\" alt=\"Vision inspection\" loading=\"lazy\" \/>\t\t\t\t\t\t\t\t\t\t\t\t\t\t\t<\/div>\n\t\t\t\t<\/div>\n\t\t\t\t<\/div>\n\t\t<div class=\"elementor-element elementor-element-4172ec1 e-con-full e-flex e-con e-child\" data-id=\"4172ec1\" data-element_type=\"container\" data-e-type=\"container\">\n\t\t\t\t<div class=\"elementor-element elementor-element-5cae57d elementor-widget elementor-widget-heading\" data-id=\"5cae57d\" data-element_type=\"widget\" data-e-type=\"widget\" data-widget_type=\"heading.default\">\n\t\t\t\t<div class=\"elementor-widget-container\">\n\t\t\t\t\t<h1 class=\"elementor-heading-title elementor-size-default\">Vision Inspection<\/h1>\t\t\t\t<\/div>\n\t\t\t\t<\/div>\n\t\t\t\t<\/div>\n\t\t\t\t<\/div>\n\t\t\t\t\t<\/div>\n\t\t\t\t<\/div>\n\t\t\t\t<\/div>\n\t\t<\/div>\n\t\t\t\t\t\t<\/div>\n\t\t\t\t<\/div>\n\t\t\t\t<\/div>\n\t\t\t\t<\/div>\n\t\t<div class=\"elementor-element elementor-element-152bfdc e-flex e-con-boxed e-con e-parent\" data-id=\"152bfdc\" data-element_type=\"container\" data-e-type=\"container\">\n\t\t\t\t\t<div class=\"e-con-inner\">\n\t\t<div class=\"elementor-element elementor-element-f7273da e-con-full e-flex e-con e-child\" data-id=\"f7273da\" data-element_type=\"container\" data-e-type=\"container\">\n\t\t\t\t<div class=\"elementor-element elementor-element-04a40b4 elementor-widget elementor-widget-shortcode\" data-id=\"04a40b4\" data-element_type=\"widget\" data-e-type=\"widget\" data-widget_type=\"shortcode.default\">\n\t\t\t\t<div class=\"elementor-widget-container\">\n\t\t\t\t\t\t\t<div class=\"elementor-shortcode\">\t\t<div data-elementor-type=\"wp-post\" data-elementor-id=\"12507\" class=\"elementor elementor-12507\" data-elementor-post-type=\"elementor-hf\">\n\t\t\t\t<div class=\"elementor-element elementor-element-92d3a31 e-con-full e-flex e-con e-parent\" data-id=\"92d3a31\" data-element_type=\"container\" data-e-type=\"container\">\n\t\t\t\t<div class=\"elementor-element elementor-element-b86691d hfe-nav-menu__align-center hfe-nav-menu__breakpoint-none elementor-widget-mobile__width-inherit hfe-submenu-icon-arrow hfe-link-redirect-child elementor-widget elementor-widget-navigation-menu\" data-id=\"b86691d\" data-element_type=\"widget\" data-e-type=\"widget\" data-settings=\"{&quot;padding_horizontal_menu_item&quot;:{&quot;unit&quot;:&quot;px&quot;,&quot;size&quot;:20,&quot;sizes&quot;:[]},&quot;padding_vertical_menu_item&quot;:{&quot;unit&quot;:&quot;px&quot;,&quot;size&quot;:20,&quot;sizes&quot;:[]},&quot;menu_space_between&quot;:{&quot;unit&quot;:&quot;px&quot;,&quot;size&quot;:10,&quot;sizes&quot;:[]},&quot;padding_horizontal_menu_item_mobile&quot;:{&quot;unit&quot;:&quot;px&quot;,&quot;size&quot;:20,&quot;sizes&quot;:[]},&quot;padding_vertical_menu_item_mobile&quot;:{&quot;unit&quot;:&quot;px&quot;,&quot;size&quot;:15,&quot;sizes&quot;:[]},&quot;menu_space_between_mobile&quot;:{&quot;unit&quot;:&quot;px&quot;,&quot;size&quot;:0,&quot;sizes&quot;:[]},&quot;padding_horizontal_menu_item_tablet&quot;:{&quot;unit&quot;:&quot;px&quot;,&quot;size&quot;:&quot;&quot;,&quot;sizes&quot;:[]},&quot;padding_vertical_menu_item_tablet&quot;:{&quot;unit&quot;:&quot;px&quot;,&quot;size&quot;:&quot;&quot;,&quot;sizes&quot;:[]},&quot;menu_space_between_tablet&quot;:{&quot;unit&quot;:&quot;px&quot;,&quot;size&quot;:&quot;&quot;,&quot;sizes&quot;:[]},&quot;dropdown_border_radius&quot;:{&quot;unit&quot;:&quot;px&quot;,&quot;top&quot;:&quot;&quot;,&quot;right&quot;:&quot;&quot;,&quot;bottom&quot;:&quot;&quot;,&quot;left&quot;:&quot;&quot;,&quot;isLinked&quot;:true},&quot;dropdown_border_radius_tablet&quot;:{&quot;unit&quot;:&quot;px&quot;,&quot;top&quot;:&quot;&quot;,&quot;right&quot;:&quot;&quot;,&quot;bottom&quot;:&quot;&quot;,&quot;left&quot;:&quot;&quot;,&quot;isLinked&quot;:true},&quot;dropdown_border_radius_mobile&quot;:{&quot;unit&quot;:&quot;px&quot;,&quot;top&quot;:&quot;&quot;,&quot;right&quot;:&quot;&quot;,&quot;bottom&quot;:&quot;&quot;,&quot;left&quot;:&quot;&quot;,&quot;isLinked&quot;:true},&quot;padding_horizontal_dropdown_item&quot;:{&quot;unit&quot;:&quot;px&quot;,&quot;size&quot;:&quot;&quot;,&quot;sizes&quot;:[]},&quot;padding_horizontal_dropdown_item_tablet&quot;:{&quot;unit&quot;:&quot;px&quot;,&quot;size&quot;:&quot;&quot;,&quot;sizes&quot;:[]},&quot;padding_horizontal_dropdown_item_mobile&quot;:{&quot;unit&quot;:&quot;px&quot;,&quot;size&quot;:&quot;&quot;,&quot;sizes&quot;:[]},&quot;padding_vertical_dropdown_item&quot;:{&quot;unit&quot;:&quot;px&quot;,&quot;size&quot;:15,&quot;sizes&quot;:[]},&quot;padding_vertical_dropdown_item_tablet&quot;:{&quot;unit&quot;:&quot;px&quot;,&quot;size&quot;:&quot;&quot;,&quot;sizes&quot;:[]},&quot;padding_vertical_dropdown_item_mobile&quot;:{&quot;unit&quot;:&quot;px&quot;,&quot;size&quot;:&quot;&quot;,&quot;sizes&quot;:[]},&quot;distance_from_menu&quot;:{&quot;unit&quot;:&quot;px&quot;,&quot;size&quot;:&quot;&quot;,&quot;sizes&quot;:[]},&quot;distance_from_menu_tablet&quot;:{&quot;unit&quot;:&quot;px&quot;,&quot;size&quot;:&quot;&quot;,&quot;sizes&quot;:[]},&quot;distance_from_menu_mobile&quot;:{&quot;unit&quot;:&quot;px&quot;,&quot;size&quot;:&quot;&quot;,&quot;sizes&quot;:[]},&quot;toggle_size&quot;:{&quot;unit&quot;:&quot;px&quot;,&quot;size&quot;:&quot;&quot;,&quot;sizes&quot;:[]},&quot;toggle_size_tablet&quot;:{&quot;unit&quot;:&quot;px&quot;,&quot;size&quot;:&quot;&quot;,&quot;sizes&quot;:[]},&quot;toggle_size_mobile&quot;:{&quot;unit&quot;:&quot;px&quot;,&quot;size&quot;:&quot;&quot;,&quot;sizes&quot;:[]},&quot;toggle_border_width&quot;:{&quot;unit&quot;:&quot;px&quot;,&quot;size&quot;:&quot;&quot;,&quot;sizes&quot;:[]},&quot;toggle_border_width_tablet&quot;:{&quot;unit&quot;:&quot;px&quot;,&quot;size&quot;:&quot;&quot;,&quot;sizes&quot;:[]},&quot;toggle_border_width_mobile&quot;:{&quot;unit&quot;:&quot;px&quot;,&quot;size&quot;:&quot;&quot;,&quot;sizes&quot;:[]},&quot;toggle_border_radius&quot;:{&quot;unit&quot;:&quot;px&quot;,&quot;size&quot;:&quot;&quot;,&quot;sizes&quot;:[]},&quot;toggle_border_radius_tablet&quot;:{&quot;unit&quot;:&quot;px&quot;,&quot;size&quot;:&quot;&quot;,&quot;sizes&quot;:[]},&quot;toggle_border_radius_mobile&quot;:{&quot;unit&quot;:&quot;px&quot;,&quot;size&quot;:&quot;&quot;,&quot;sizes&quot;:[]}}\" data-widget_type=\"navigation-menu.default\">\n\t\t\t\t<div class=\"elementor-widget-container\">\n\t\t\t\t\t\t\t\t<div class=\"hfe-nav-menu hfe-layout-vertical hfe-nav-menu-layout vertical\" data-layout=\"vertical\">\n\t\t\t\t<div role=\"button\" class=\"hfe-nav-menu__toggle elementor-clickable\" tabindex=\"0\" aria-label=\"Menu Toggle\">\n\t\t\t\t\t<span class=\"screen-reader-text\">Menu<\/span>\n\t\t\t\t\t<div class=\"hfe-nav-menu-icon\">\n\t\t\t\t\t\t\t\t\t\t\t<\/div>\n\t\t\t\t<\/div>\n\t\t\t\t<nav class=\"hfe-nav-menu__layout-vertical hfe-nav-menu__submenu-arrow\" data-toggle-icon=\"\" data-close-icon=\"\" data-full-width=\"\">\n\t\t\t\t\t<ul id=\"menu-1-b86691d\" class=\"hfe-nav-menu\"><li id=\"menu-item-12801\" class=\"menu-item menu-item-type-post_type menu-item-object-prodotto parent hfe-creative-menu\"><a href=\"https:\/\/dyloghitech.com\/it\/prodotto\/controlli-con-telecamera\/\" class = \"hfe-menu-item\">Controlli con Telecamera<\/a><\/li>\n<li id=\"menu-item-12802\" class=\"menu-item menu-item-type-post_type menu-item-object-prodotto parent hfe-creative-menu\"><a href=\"https:\/\/dyloghitech.com\/it\/prodotto\/controlli-livello\/\" class = \"hfe-menu-item\">Controlli Livello<\/a><\/li>\n<li id=\"menu-item-12803\" class=\"menu-item menu-item-type-post_type menu-item-object-prodotto parent hfe-creative-menu\"><a href=\"https:\/\/dyloghitech.com\/it\/prodotto\/controlli-vuoto-pressione\/\" class = \"hfe-menu-item\">Controlli Vuoto\/Pressione<\/a><\/li>\n<li id=\"menu-item-12804\" class=\"menu-item menu-item-type-post_type menu-item-object-prodotto parent hfe-creative-menu\"><a href=\"https:\/\/dyloghitech.com\/it\/prodotto\/espulsori-e-deviatori\/\" class = \"hfe-menu-item\">Espulsori e Deviatori<\/a><\/li>\n<li id=\"menu-item-12805\" class=\"menu-item menu-item-type-post_type menu-item-object-prodotto parent hfe-creative-menu\"><a href=\"https:\/\/dyloghitech.com\/it\/prodotto\/database-e-software\/\" class = \"hfe-menu-item\">DataBase e Software<\/a><\/li>\n<\/ul> \n\t\t\t\t<\/nav>\n\t\t\t<\/div>\n\t\t\t\t\t\t\t<\/div>\n\t\t\t\t<\/div>\n\t\t\t\t<\/div>\n\t\t\t\t<\/div>\n\t\t<\/div>\n\t\t\t\t\t\t<\/div>\n\t\t\t\t<\/div>\n\t\t\t\t<\/div>\n\t\t<div class=\"elementor-element elementor-element-4452d38 e-con-full e-flex e-con e-child\" data-id=\"4452d38\" data-element_type=\"container\" data-e-type=\"container\">\n\t\t<div class=\"elementor-element elementor-element-22bf59e e-con-full e-flex e-con e-child\" data-id=\"22bf59e\" data-element_type=\"container\" data-e-type=\"container\">\n\t\t\t\t<div class=\"elementor-element elementor-element-1e75803 elementor-widget__width-inherit elementor-widget elementor-widget-heading\" data-id=\"1e75803\" data-element_type=\"widget\" data-e-type=\"widget\" data-widget_type=\"heading.default\">\n\t\t\t\t<div class=\"elementor-widget-container\">\n\t\t\t\t\t<h3 class=\"elementor-heading-title elementor-size-default\">Vision Inspection<\/h3>\t\t\t\t<\/div>\n\t\t\t\t<\/div>\n\t\t\t\t<div class=\"elementor-element elementor-element-50f9cda elementor-widget elementor-widget-heading\" data-id=\"50f9cda\" data-element_type=\"widget\" data-e-type=\"widget\" data-widget_type=\"heading.default\">\n\t\t\t\t<div class=\"elementor-widget-container\">\n\t\t\t\t\t<h2 class=\"elementor-heading-title elementor-size-default\">Ispezione per l'industria delle bevande e imballaggi food<\/h2>\t\t\t\t<\/div>\n\t\t\t\t<\/div>\n\t\t\t\t<\/div>\n\t\t<div class=\"elementor-element elementor-element-36b0de0 e-con-full e-flex e-con e-child\" data-id=\"36b0de0\" data-element_type=\"container\" data-e-type=\"container\">\n\t\t<div class=\"elementor-element elementor-element-92338cb e-con-full e-flex e-con e-child\" data-id=\"92338cb\" data-element_type=\"container\" data-e-type=\"container\" data-settings=\"{&quot;background_background&quot;:&quot;classic&quot;}\">\n\t\t\t\t<div class=\"elementor-element elementor-element-60b56e4 elementor-widget elementor-widget-text-editor\" data-id=\"60b56e4\" data-element_type=\"widget\" data-e-type=\"widget\" data-widget_type=\"text-editor.default\">\n\t\t\t\t<div class=\"elementor-widget-container\">\n\t\t\t\t\t\t\t\t\t<p>Linea dedicata ai controlli per il settore packaging, conserviero e dell\u2019imbottigliamento.<\/p>\t\t\t\t\t\t\t\t<\/div>\n\t\t\t\t<\/div>\n\t\t\t\t<div class=\"elementor-element elementor-element-35d7b37 elementor-widget elementor-widget-text-editor\" data-id=\"35d7b37\" data-element_type=\"widget\" data-e-type=\"widget\" data-widget_type=\"text-editor.default\">\n\t\t\t\t<div class=\"elementor-widget-container\">\n\t\t\t\t\t\t\t\t\tSistemi di visione e diverse tecnologie applicate ai settori beverage, imbottigliamento, farmaceutico e chimico, consentono alle aziende di mantenere alti standard qualitativi.\t\t\t\t\t\t\t\t<\/div>\n\t\t\t\t<\/div>\n\t\t\t\t<div class=\"elementor-element elementor-element-e45c58d elementor-widget elementor-widget-text-editor\" data-id=\"e45c58d\" data-element_type=\"widget\" data-e-type=\"widget\" data-widget_type=\"text-editor.default\">\n\t\t\t\t<div class=\"elementor-widget-container\">\n\t\t\t\t\t\t\t\t\tIn particolare, offriamo soluzioni personalizzate ideate e costruite sulle specifiche esigenze dei clienti, cos\u00ec da gestire nel modo pi\u00f9 appropriato applicazioni e installazioni difficili, con la massima flessibilit\u00e0 anche per soluzioni su misura.\t\t\t\t\t\t\t\t<\/div>\n\t\t\t\t<\/div>\n\t\t\t\t<\/div>\n\t\t\t\t<\/div>\n\t\t\t\t<\/div>\n\t\t\t\t\t<\/div>\n\t\t\t\t<\/div>\n\t\t\t\t<\/div>\n\t\t","protected":false},"excerpt":{"rendered":"<p>Vision Inspection Ispezione per l&#8217;industria delle bevande e imballaggi food Linea dedicata ai controlli per il settore packaging, conserviero e dell\u2019imbottigliamento. Sistemi di visione e diverse tecnologie applicate ai settori beverage, imbottigliamento, farmaceutico e chimico, consentono alle aziende di mantenere alti standard qualitativi.In particolare, offriamo soluzioni personalizzate ideate e costruite sulle specifiche esigenze dei clienti, [&hellip;]<\/p>\n","protected":false},"author":8,"featured_media":0,"parent":0,"menu_order":0,"comment_status":"closed","ping_status":"closed","template":"","meta":{"_acf_changed":false,"footnotes":""},"class_list":["post-12855","page","type-page","status-publish","hentry"],"acf":[],"yoast_head":"<!-- This site is optimized with the Yoast SEO plugin v26.8 - https:\/\/yoast.com\/product\/yoast-seo-wordpress\/ -->\n<title>Vision Inspection - Dylog Hitech<\/title>\n<meta name=\"description\" content=\"Sistemi di visione e diverse tecnologie applicate ai settori beverage, imbottigliamento, farmaceutico e chimico, consentono alle aziende di mantenere alti standard qualitativi.\" \/>\n<meta name=\"robots\" content=\"index, follow, max-snippet:-1, max-image-preview:large, max-video-preview:-1\" \/>\n<link rel=\"canonical\" href=\"https:\/\/dyloghitech.com\/it\/vision-inspection\/\" \/>\n<meta property=\"og:locale\" content=\"it_IT\" \/>\n<meta property=\"og:type\" content=\"article\" \/>\n<meta property=\"og:title\" content=\"Vision Inspection - Dylog Hitech\" \/>\n<meta property=\"og:description\" content=\"Sistemi di visione e diverse tecnologie applicate ai settori beverage, imbottigliamento, farmaceutico e chimico, consentono alle aziende di mantenere alti standard qualitativi.\" \/>\n<meta property=\"og:url\" content=\"https:\/\/dyloghitech.com\/it\/vision-inspection\/\" \/>\n<meta property=\"og:site_name\" content=\"Dylog Hitech\" \/>\n<meta property=\"article:modified_time\" content=\"2025-05-07T15:52:32+00:00\" \/>\n<meta property=\"og:image\" content=\"https:\/\/dyloghitech.com\/wp-content\/uploads\/Dylog-Hitech-Logo01-01.png\" \/>\n\t<meta property=\"og:image:width\" content=\"404\" \/>\n\t<meta property=\"og:image:height\" content=\"150\" \/>\n\t<meta property=\"og:image:type\" content=\"image\/png\" \/>\n<meta name=\"twitter:card\" content=\"summary_large_image\" \/>\n<meta name=\"twitter:label1\" content=\"Tempo di lettura stimato\" \/>\n\t<meta name=\"twitter:data1\" content=\"1 minuto\" \/>\n<script type=\"application\/ld+json\" class=\"yoast-schema-graph\">{\"@context\":\"https:\/\/schema.org\",\"@graph\":[{\"@type\":\"WebPage\",\"@id\":\"https:\/\/dyloghitech.com\/it\/vision-inspection\/\",\"url\":\"https:\/\/dyloghitech.com\/it\/vision-inspection\/\",\"name\":\"Vision Inspection - Dylog Hitech\",\"isPartOf\":{\"@id\":\"https:\/\/dyloghitech.com\/it\/#website\"},\"datePublished\":\"2025-04-22T15:52:06+00:00\",\"dateModified\":\"2025-05-07T15:52:32+00:00\",\"description\":\"Sistemi di visione e diverse tecnologie applicate ai settori beverage, imbottigliamento, farmaceutico e chimico, consentono alle aziende di mantenere alti standard qualitativi.\",\"breadcrumb\":{\"@id\":\"https:\/\/dyloghitech.com\/it\/vision-inspection\/#breadcrumb\"},\"inLanguage\":\"it-IT\",\"potentialAction\":[{\"@type\":\"ReadAction\",\"target\":[\"https:\/\/dyloghitech.com\/it\/vision-inspection\/\"]}]},{\"@type\":\"BreadcrumbList\",\"@id\":\"https:\/\/dyloghitech.com\/it\/vision-inspection\/#breadcrumb\",\"itemListElement\":[{\"@type\":\"ListItem\",\"position\":1,\"name\":\"Home\",\"item\":\"https:\/\/dyloghitech.com\/it\/\"},{\"@type\":\"ListItem\",\"position\":2,\"name\":\"Vision Inspection\"}]},{\"@type\":\"WebSite\",\"@id\":\"https:\/\/dyloghitech.com\/it\/#website\",\"url\":\"https:\/\/dyloghitech.com\/it\/\",\"name\":\"Dylog Hitech\",\"description\":\"\",\"publisher\":{\"@id\":\"https:\/\/dyloghitech.com\/it\/#organization\"},\"alternateName\":\"Dylog Hitech\",\"potentialAction\":[{\"@type\":\"SearchAction\",\"target\":{\"@type\":\"EntryPoint\",\"urlTemplate\":\"https:\/\/dyloghitech.com\/it\/?s={search_term_string}\"},\"query-input\":{\"@type\":\"PropertyValueSpecification\",\"valueRequired\":true,\"valueName\":\"search_term_string\"}}],\"inLanguage\":\"it-IT\"},{\"@type\":\"Organization\",\"@id\":\"https:\/\/dyloghitech.com\/it\/#organization\",\"name\":\"Dylog Hitech\",\"url\":\"https:\/\/dyloghitech.com\/it\/\",\"logo\":{\"@type\":\"ImageObject\",\"inLanguage\":\"it-IT\",\"@id\":\"https:\/\/dyloghitech.com\/it\/#\/schema\/logo\/image\/\",\"url\":\"https:\/\/dyloghitech.com\/wp-content\/uploads\/cropped-Dylog-Hitech-Logo01-01.png\",\"contentUrl\":\"https:\/\/dyloghitech.com\/wp-content\/uploads\/cropped-Dylog-Hitech-Logo01-01.png\",\"width\":404,\"height\":150,\"caption\":\"Dylog Hitech\"},\"image\":{\"@id\":\"https:\/\/dyloghitech.com\/it\/#\/schema\/logo\/image\/\"}}]}<\/script>\n<!-- \/ Yoast SEO plugin. -->","yoast_head_json":{"title":"Vision Inspection - Dylog Hitech","description":"Sistemi di visione e diverse tecnologie applicate ai settori beverage, imbottigliamento, farmaceutico e chimico, consentono alle aziende di mantenere alti standard qualitativi.","robots":{"index":"index","follow":"follow","max-snippet":"max-snippet:-1","max-image-preview":"max-image-preview:large","max-video-preview":"max-video-preview:-1"},"canonical":"https:\/\/dyloghitech.com\/it\/vision-inspection\/","og_locale":"it_IT","og_type":"article","og_title":"Vision Inspection - Dylog Hitech","og_description":"Sistemi di visione e diverse tecnologie applicate ai settori beverage, imbottigliamento, farmaceutico e chimico, consentono alle aziende di mantenere alti standard qualitativi.","og_url":"https:\/\/dyloghitech.com\/it\/vision-inspection\/","og_site_name":"Dylog Hitech","article_modified_time":"2025-05-07T15:52:32+00:00","og_image":[{"width":404,"height":150,"url":"https:\/\/dyloghitech.com\/wp-content\/uploads\/Dylog-Hitech-Logo01-01.png","type":"image\/png"}],"twitter_card":"summary_large_image","twitter_misc":{"Tempo di lettura stimato":"1 minuto"},"schema":{"@context":"https:\/\/schema.org","@graph":[{"@type":"WebPage","@id":"https:\/\/dyloghitech.com\/it\/vision-inspection\/","url":"https:\/\/dyloghitech.com\/it\/vision-inspection\/","name":"Vision Inspection - Dylog Hitech","isPartOf":{"@id":"https:\/\/dyloghitech.com\/it\/#website"},"datePublished":"2025-04-22T15:52:06+00:00","dateModified":"2025-05-07T15:52:32+00:00","description":"Sistemi di visione e diverse tecnologie applicate ai settori beverage, imbottigliamento, farmaceutico e chimico, consentono alle aziende di mantenere alti standard qualitativi.","breadcrumb":{"@id":"https:\/\/dyloghitech.com\/it\/vision-inspection\/#breadcrumb"},"inLanguage":"it-IT","potentialAction":[{"@type":"ReadAction","target":["https:\/\/dyloghitech.com\/it\/vision-inspection\/"]}]},{"@type":"BreadcrumbList","@id":"https:\/\/dyloghitech.com\/it\/vision-inspection\/#breadcrumb","itemListElement":[{"@type":"ListItem","position":1,"name":"Home","item":"https:\/\/dyloghitech.com\/it\/"},{"@type":"ListItem","position":2,"name":"Vision Inspection"}]},{"@type":"WebSite","@id":"https:\/\/dyloghitech.com\/it\/#website","url":"https:\/\/dyloghitech.com\/it\/","name":"Dylog Hitech","description":"","publisher":{"@id":"https:\/\/dyloghitech.com\/it\/#organization"},"alternateName":"Dylog Hitech","potentialAction":[{"@type":"SearchAction","target":{"@type":"EntryPoint","urlTemplate":"https:\/\/dyloghitech.com\/it\/?s={search_term_string}"},"query-input":{"@type":"PropertyValueSpecification","valueRequired":true,"valueName":"search_term_string"}}],"inLanguage":"it-IT"},{"@type":"Organization","@id":"https:\/\/dyloghitech.com\/it\/#organization","name":"Dylog Hitech","url":"https:\/\/dyloghitech.com\/it\/","logo":{"@type":"ImageObject","inLanguage":"it-IT","@id":"https:\/\/dyloghitech.com\/it\/#\/schema\/logo\/image\/","url":"https:\/\/dyloghitech.com\/wp-content\/uploads\/cropped-Dylog-Hitech-Logo01-01.png","contentUrl":"https:\/\/dyloghitech.com\/wp-content\/uploads\/cropped-Dylog-Hitech-Logo01-01.png","width":404,"height":150,"caption":"Dylog Hitech"},"image":{"@id":"https:\/\/dyloghitech.com\/it\/#\/schema\/logo\/image\/"}}]}},"_links":{"self":[{"href":"https:\/\/dyloghitech.com\/it\/wp-json\/wp\/v2\/pages\/12855","targetHints":{"allow":["GET"]}}],"collection":[{"href":"https:\/\/dyloghitech.com\/it\/wp-json\/wp\/v2\/pages"}],"about":[{"href":"https:\/\/dyloghitech.com\/it\/wp-json\/wp\/v2\/types\/page"}],"author":[{"embeddable":true,"href":"https:\/\/dyloghitech.com\/it\/wp-json\/wp\/v2\/users\/8"}],"replies":[{"embeddable":true,"href":"https:\/\/dyloghitech.com\/it\/wp-json\/wp\/v2\/comments?post=12855"}],"version-history":[{"count":7,"href":"https:\/\/dyloghitech.com\/it\/wp-json\/wp\/v2\/pages\/12855\/revisions"}],"predecessor-version":[{"id":13572,"href":"https:\/\/dyloghitech.com\/it\/wp-json\/wp\/v2\/pages\/12855\/revisions\/13572"}],"wp:attachment":[{"href":"https:\/\/dyloghitech.com\/it\/wp-json\/wp\/v2\/media?parent=12855"}],"curies":[{"name":"wp","href":"https:\/\/api.w.org\/{rel}","templated":true}]}}